{"id":193,"date":"2019-05-08T21:56:38","date_gmt":"2019-05-08T19:56:38","guid":{"rendered":"http:\/\/wp.apelbellevue69.org\/?page_id=193"},"modified":"2019-05-08T22:02:49","modified_gmt":"2019-05-08T20:02:49","slug":"qui-sommes-nous-2","status":"publish","type":"page","link":"http:\/\/wp.apelbellevue69.org\/?page_id=193","title":{"rendered":"Qui sommes nous ?"},"content":{"rendered":"\n<p><\/p>\n\n\n\n<p>\n\n Avec ses 947 000 adh\u00e9rents, l\u2019Apel (Association de parents d\u2019\u00e9l\u00e8ves de l\u2019enseignement libre) est la plus importante association nationale de parents d\u2019\u00e9l\u00e8ves. C\u2019est \u00e9galement la seule association de parents d\u2019\u00e9l\u00e8ves reconnue dans le Statut de l\u2019Enseignement catholique. \n\n<\/p>\n\n\n\n<p>L\u2019Apel est pr\u00e9sente dans :<\/p>\n\n\n\n<ul class=\"wp-block-list\"><li>6500 \u00e9tablissements<\/li><li>5000 \u00e9coles<\/li><li>1600 coll\u00e8ges<\/li><li>1100 lyc\u00e9es.<\/li><\/ul>\n\n\n\n<p>Les Apel ont \u00e9t\u00e9 cr\u00e9es il y a&nbsp;<strong>plus de 80 ans<\/strong>&nbsp;par des parents d\u2019\u00e9l\u00e8ves d\u00e9sireux d\u2019\u00eatre associ\u00e9s \u00e0 la vie des \u00e9tablissements scolaires de leurs enfants.<br>Chaque jour, ce sont des&nbsp;<strong>milliers de b\u00e9n\u00e9voles<\/strong>&nbsp;qui collaborent activement aux projets \u00e9ducatifs des \u00e9tablissements.&nbsp;<strong>L\u2019Apel s\u2019engage pour l\u2019avenir de 2 millions d\u2019enfants<\/strong>, dont les parents ont choisi librement un \u00e9tablissement scolaire et son projet \u00e9ducatif.<\/p>\n\n\n\n<p><\/p>\n","protected":false},"excerpt":{"rendered":"<p>Avec ses 947 000 adh\u00e9rents, l\u2019Apel (Association de parents d\u2019\u00e9l\u00e8ves de l\u2019enseignement libre) est la plus importante association nationale de parents d\u2019\u00e9l\u00e8ves. C\u2019est \u00e9galement la seule association de parents d\u2019\u00e9l\u00e8ves reconnue dans le Statut de l\u2019Enseignement catholique. L\u2019Apel est pr\u00e9sente dans : 6500 \u00e9tablissements 5000 \u00e9coles 1600 coll\u00e8ges 1100 lyc\u00e9es. Les Apel ont \u00e9t\u00e9 cr\u00e9es il y a&nbsp;plus de 80<\/p>\n","protected":false},"author":1,"featured_media":0,"parent":0,"menu_order":0,"comment_status":"closed","ping_status":"closed","template":"","meta":{"jetpack_post_was_ever_published":false,"footnotes":""},"class_list":["post-193","page","type-page","status-publish","hentry"],"yoast_head":"<!-- This site is optimized with the Yoast SEO plugin v24.9 - https:\/\/yoast.com\/wordpress\/plugins\/seo\/ -->\n<title>Qui sommes nous ? - Apel Assomption Bellevue<\/title>\n<meta name=\"robots\" content=\"index, follow, max-snippet:-1, max-image-preview:large, max-video-preview:-1\" \/>\n<link rel=\"canonical\" href=\"http:\/\/wp.apelbellevue69.org\/?page_id=193\" \/>\n<meta property=\"og:locale\" content=\"fr_FR\" \/>\n<meta property=\"og:type\" content=\"article\" \/>\n<meta property=\"og:title\" content=\"Qui sommes nous ? - Apel Assomption Bellevue\" \/>\n<meta property=\"og:description\" content=\"Avec ses 947 000 adh\u00e9rents, l\u2019Apel (Association de parents d\u2019\u00e9l\u00e8ves de l\u2019enseignement libre) est la plus importante association nationale de parents d\u2019\u00e9l\u00e8ves. C\u2019est \u00e9galement la seule association de parents d\u2019\u00e9l\u00e8ves reconnue dans le Statut de l\u2019Enseignement catholique. L\u2019Apel est pr\u00e9sente dans : 6500 \u00e9tablissements 5000 \u00e9coles 1600 coll\u00e8ges 1100 lyc\u00e9es. Les Apel ont \u00e9t\u00e9 cr\u00e9es il y a&nbsp;plus de 80\" \/>\n<meta property=\"og:url\" content=\"http:\/\/wp.apelbellevue69.org\/?page_id=193\" \/>\n<meta property=\"og:site_name\" content=\"Apel Assomption Bellevue\" \/>\n<meta property=\"article:modified_time\" content=\"2019-05-08T20:02:49+00:00\" \/>\n<meta name=\"twitter:card\" content=\"summary_large_image\" \/>\n<meta name=\"twitter:label1\" content=\"Dur\u00e9e de lecture estim\u00e9e\" \/>\n\t<meta name=\"twitter:data1\" content=\"1 minute\" \/>\n<script type=\"application\/ld+json\" class=\"yoast-schema-graph\">{\"@context\":\"https:\/\/schema.org\",\"@graph\":[{\"@type\":\"WebPage\",\"@id\":\"http:\/\/wp.apelbellevue69.org\/?page_id=193\",\"url\":\"http:\/\/wp.apelbellevue69.org\/?page_id=193\",\"name\":\"Qui sommes nous ? - Apel Assomption Bellevue\",\"isPartOf\":{\"@id\":\"https:\/\/wp.apelbellevue69.org\/#website\"},\"datePublished\":\"2019-05-08T19:56:38+00:00\",\"dateModified\":\"2019-05-08T20:02:49+00:00\",\"breadcrumb\":{\"@id\":\"http:\/\/wp.apelbellevue69.org\/?page_id=193#breadcrumb\"},\"inLanguage\":\"fr-FR\",\"potentialAction\":[{\"@type\":\"ReadAction\",\"target\":[\"http:\/\/wp.apelbellevue69.org\/?page_id=193\"]}]},{\"@type\":\"BreadcrumbList\",\"@id\":\"http:\/\/wp.apelbellevue69.org\/?page_id=193#breadcrumb\",\"itemListElement\":[{\"@type\":\"ListItem\",\"position\":1,\"name\":\"Accueil\",\"item\":\"https:\/\/wp.apelbellevue69.org\/\"},{\"@type\":\"ListItem\",\"position\":2,\"name\":\"Qui sommes nous ?\"}]},{\"@type\":\"WebSite\",\"@id\":\"https:\/\/wp.apelbellevue69.org\/#website\",\"url\":\"https:\/\/wp.apelbellevue69.org\/\",\"name\":\"Apel Assomption Bellevue\",\"description\":\"L&#039;Apel le fait pour vous\",\"publisher\":{\"@id\":\"https:\/\/wp.apelbellevue69.org\/#organization\"},\"potentialAction\":[{\"@type\":\"SearchAction\",\"target\":{\"@type\":\"EntryPoint\",\"urlTemplate\":\"https:\/\/wp.apelbellevue69.org\/?s={search_term_string}\"},\"query-input\":{\"@type\":\"PropertyValueSpecification\",\"valueRequired\":true,\"valueName\":\"search_term_string\"}}],\"inLanguage\":\"fr-FR\"},{\"@type\":\"Organization\",\"@id\":\"https:\/\/wp.apelbellevue69.org\/#organization\",\"name\":\"Apel Assomption Bellevue\",\"url\":\"https:\/\/wp.apelbellevue69.org\/\",\"logo\":{\"@type\":\"ImageObject\",\"inLanguage\":\"fr-FR\",\"@id\":\"https:\/\/wp.apelbellevue69.org\/#\/schema\/logo\/image\/\",\"url\":\"http:\/\/wp.apelbellevue69.org\/wp-content\/uploads\/2019\/09\/cropped-apel-new-logo-all\u00e9g\u00e9-100.png\",\"contentUrl\":\"http:\/\/wp.apelbellevue69.org\/wp-content\/uploads\/2019\/09\/cropped-apel-new-logo-all\u00e9g\u00e9-100.png\",\"width\":100,\"height\":82,\"caption\":\"Apel Assomption Bellevue\"},\"image\":{\"@id\":\"https:\/\/wp.apelbellevue69.org\/#\/schema\/logo\/image\/\"}}]}<\/script>\n<!-- \/ Yoast SEO plugin. -->","yoast_head_json":{"title":"Qui sommes nous ? - Apel Assomption Bellevue","robots":{"index":"index","follow":"follow","max-snippet":"max-snippet:-1","max-image-preview":"max-image-preview:large","max-video-preview":"max-video-preview:-1"},"canonical":"http:\/\/wp.apelbellevue69.org\/?page_id=193","og_locale":"fr_FR","og_type":"article","og_title":"Qui sommes nous ? - Apel Assomption Bellevue","og_description":"Avec ses 947 000 adh\u00e9rents, l\u2019Apel (Association de parents d\u2019\u00e9l\u00e8ves de l\u2019enseignement libre) est la plus importante association nationale de parents d\u2019\u00e9l\u00e8ves. C\u2019est \u00e9galement la seule association de parents d\u2019\u00e9l\u00e8ves reconnue dans le Statut de l\u2019Enseignement catholique. L\u2019Apel est pr\u00e9sente dans : 6500 \u00e9tablissements 5000 \u00e9coles 1600 coll\u00e8ges 1100 lyc\u00e9es. Les Apel ont \u00e9t\u00e9 cr\u00e9es il y a&nbsp;plus de 80","og_url":"http:\/\/wp.apelbellevue69.org\/?page_id=193","og_site_name":"Apel Assomption Bellevue","article_modified_time":"2019-05-08T20:02:49+00:00","twitter_card":"summary_large_image","twitter_misc":{"Dur\u00e9e de lecture estim\u00e9e":"1 minute"},"schema":{"@context":"https:\/\/schema.org","@graph":[{"@type":"WebPage","@id":"http:\/\/wp.apelbellevue69.org\/?page_id=193","url":"http:\/\/wp.apelbellevue69.org\/?page_id=193","name":"Qui sommes nous ? - Apel Assomption Bellevue","isPartOf":{"@id":"https:\/\/wp.apelbellevue69.org\/#website"},"datePublished":"2019-05-08T19:56:38+00:00","dateModified":"2019-05-08T20:02:49+00:00","breadcrumb":{"@id":"http:\/\/wp.apelbellevue69.org\/?page_id=193#breadcrumb"},"inLanguage":"fr-FR","potentialAction":[{"@type":"ReadAction","target":["http:\/\/wp.apelbellevue69.org\/?page_id=193"]}]},{"@type":"BreadcrumbList","@id":"http:\/\/wp.apelbellevue69.org\/?page_id=193#breadcrumb","itemListElement":[{"@type":"ListItem","position":1,"name":"Accueil","item":"https:\/\/wp.apelbellevue69.org\/"},{"@type":"ListItem","position":2,"name":"Qui sommes nous ?"}]},{"@type":"WebSite","@id":"https:\/\/wp.apelbellevue69.org\/#website","url":"https:\/\/wp.apelbellevue69.org\/","name":"Apel Assomption Bellevue","description":"L&#039;Apel le fait pour vous","publisher":{"@id":"https:\/\/wp.apelbellevue69.org\/#organization"},"potentialAction":[{"@type":"SearchAction","target":{"@type":"EntryPoint","urlTemplate":"https:\/\/wp.apelbellevue69.org\/?s={search_term_string}"},"query-input":{"@type":"PropertyValueSpecification","valueRequired":true,"valueName":"search_term_string"}}],"inLanguage":"fr-FR"},{"@type":"Organization","@id":"https:\/\/wp.apelbellevue69.org\/#organization","name":"Apel Assomption Bellevue","url":"https:\/\/wp.apelbellevue69.org\/","logo":{"@type":"ImageObject","inLanguage":"fr-FR","@id":"https:\/\/wp.apelbellevue69.org\/#\/schema\/logo\/image\/","url":"http:\/\/wp.apelbellevue69.org\/wp-content\/uploads\/2019\/09\/cropped-apel-new-logo-all\u00e9g\u00e9-100.png","contentUrl":"http:\/\/wp.apelbellevue69.org\/wp-content\/uploads\/2019\/09\/cropped-apel-new-logo-all\u00e9g\u00e9-100.png","width":100,"height":82,"caption":"Apel Assomption Bellevue"},"image":{"@id":"https:\/\/wp.apelbellevue69.org\/#\/schema\/logo\/image\/"}}]}},"jetpack_sharing_enabled":true,"jetpack_shortlink":"https:\/\/wp.me\/PaWVTP-37","jetpack_likes_enabled":true,"_links":{"self":[{"href":"http:\/\/wp.apelbellevue69.org\/index.php?rest_route=\/wp\/v2\/pages\/193","targetHints":{"allow":["GET"]}}],"collection":[{"href":"http:\/\/wp.apelbellevue69.org\/index.php?rest_route=\/wp\/v2\/pages"}],"about":[{"href":"http:\/\/wp.apelbellevue69.org\/index.php?rest_route=\/wp\/v2\/types\/page"}],"author":[{"embeddable":true,"href":"http:\/\/wp.apelbellevue69.org\/index.php?rest_route=\/wp\/v2\/users\/1"}],"replies":[{"embeddable":true,"href":"http:\/\/wp.apelbellevue69.org\/index.php?rest_route=%2Fwp%2Fv2%2Fcomments&post=193"}],"version-history":[{"count":3,"href":"http:\/\/wp.apelbellevue69.org\/index.php?rest_route=\/wp\/v2\/pages\/193\/revisions"}],"predecessor-version":[{"id":200,"href":"http:\/\/wp.apelbellevue69.org\/index.php?rest_route=\/wp\/v2\/pages\/193\/revisions\/200"}],"wp:attachment":[{"href":"http:\/\/wp.apelbellevue69.org\/index.php?rest_route=%2Fwp%2Fv2%2Fmedia&parent=193"}],"curies":[{"name":"wp","href":"https:\/\/api.w.org\/{rel}","templated":true}]}}