{"id":236,"date":"2019-05-10T22:51:51","date_gmt":"2019-05-10T20:51:51","guid":{"rendered":"http:\/\/wp.apelbellevue69.org\/?page_id=236"},"modified":"2019-11-19T15:45:54","modified_gmt":"2019-11-19T14:45:54","slug":"nos-evenements","status":"publish","type":"page","link":"http:\/\/wp.apelbellevue69.org\/?page_id=236","title":{"rendered":"Nos Ev\u00e8nements"},"content":{"rendered":"\n<p>Toute le long de l&rsquo;ann\u00e9e scolaire, l&rsquo;Apel organise de nombreux \u00e9venements  permettant &nbsp; de rassembler parents, enseignants, <\/p>\n\n\n\n<p>Ils cr\u00e9ent une dynamique et favorisent ainsi le lien entre les familles et l&rsquo;ensemble de la communaut\u00e9 \u00e9ducative\u2026 <\/p>\n\n\n\n<p class=\"has-medium-font-size\"> <strong>Ev\u00e9nements \u00e0 venir<\/strong><\/p>\n\n\n\n<p><\/p>\n\n\n\n<div class=\"wp-block-group\"><div class=\"wp-block-group__inner-container is-layout-flow wp-block-group-is-layout-flow\">\n<\/div><\/div>\n\n\n\n<div style=\"height:29px\" aria-hidden=\"true\" class=\"wp-block-spacer\"><\/div>\n\n\n\n<hr class=\"wp-block-separator\"\/>\n\n\n\n<p class=\"has-medium-font-size\"><strong>Ev\u00e9nements pass\u00e9s<\/strong><\/p>\n\n\n\n<div class=\"wp-block-group\"><div class=\"wp-block-group__inner-container is-layout-flow wp-block-group-is-layout-flow\"><div class=\"featured-posts-grid\"><div class=\"listing-item one-half first\"><a class=\"image\" href=\"http:\/\/wp.apelbellevue69.org\/?p=1402\"><img loading=\"lazy\" decoding=\"async\" width=\"150\" height=\"150\" src=\"http:\/\/wp.apelbellevue69.org\/wp-content\/uploads\/2020\/06\/Vignette-colis-fournitures-2020-web-150x150.jpg\" class=\"attachment-thumbnail size-thumbnail wp-post-image\" alt=\"\" srcset=\"http:\/\/wp.apelbellevue69.org\/wp-content\/uploads\/2020\/06\/Vignette-colis-fournitures-2020-web-150x150.jpg 150w, http:\/\/wp.apelbellevue69.org\/wp-content\/uploads\/2020\/06\/Vignette-colis-fournitures-2020-web-90x90.jpg 90w, http:\/\/wp.apelbellevue69.org\/wp-content\/uploads\/2020\/06\/Vignette-colis-fournitures-2020-web-75x75.jpg 75w\" sizes=\"auto, (max-width: 150px) 100vw, 150px\" \/><\/a> <a class=\"title\" href=\"http:\/\/wp.apelbellevue69.org\/?p=1402\">Commande des colis fournitures pour le coll\u00e8ge (jusqu&rsquo;au lundi 06 juillet)<\/a> <span class=\"excerpt-dash\">-<\/span> <span class=\"excerpt\">Comme chaque ann\u00e9e, l\u2019APEL vous propose de profiter d\u2019une commande group\u00e9e pour les fournitures scolaires du coll\u00e8ge (\u00e0 commander avant\u2026 <span class=\"excerpt-more\"><\/span><\/span><\/div><div class=\"listing-item one-half\"><a class=\"image\" href=\"http:\/\/wp.apelbellevue69.org\/?p=1368\"><img loading=\"lazy\" decoding=\"async\" width=\"150\" height=\"150\" src=\"http:\/\/wp.apelbellevue69.org\/wp-content\/uploads\/2020\/03\/MesseDesFamillesEntete-150x150.jpg\" class=\"attachment-thumbnail size-thumbnail wp-post-image\" alt=\"\" srcset=\"http:\/\/wp.apelbellevue69.org\/wp-content\/uploads\/2020\/03\/MesseDesFamillesEntete-150x150.jpg 150w, http:\/\/wp.apelbellevue69.org\/wp-content\/uploads\/2020\/03\/MesseDesFamillesEntete-90x90.jpg 90w, http:\/\/wp.apelbellevue69.org\/wp-content\/uploads\/2020\/03\/MesseDesFamillesEntete-75x75.jpg 75w\" sizes=\"auto, (max-width: 150px) 100vw, 150px\" \/><\/a> <a class=\"title\" href=\"http:\/\/wp.apelbellevue69.org\/?p=1368\">Messe des Familles<\/a> <span class=\"excerpt-dash\">-<\/span> <span class=\"excerpt\">Comme chaque ann\u00e9e, l'Apel Assomption Bellevue organise une messe des familles. Elle aura lieu cette ann\u00e9e le 22 mars 2020\u2026 <span class=\"excerpt-more\"><\/span><\/span><\/div><div class=\"listing-item one-half first\"><a class=\"image\" href=\"http:\/\/wp.apelbellevue69.org\/?p=1342\"><img loading=\"lazy\" decoding=\"async\" width=\"150\" height=\"150\" src=\"http:\/\/wp.apelbellevue69.org\/wp-content\/uploads\/2020\/02\/Forum-des-m\u00e9tiers-2020-150x150.png\" class=\"attachment-thumbnail size-thumbnail wp-post-image\" alt=\"\" srcset=\"http:\/\/wp.apelbellevue69.org\/wp-content\/uploads\/2020\/02\/Forum-des-m\u00e9tiers-2020-150x150.png 150w, http:\/\/wp.apelbellevue69.org\/wp-content\/uploads\/2020\/02\/Forum-des-m\u00e9tiers-2020-90x90.png 90w, http:\/\/wp.apelbellevue69.org\/wp-content\/uploads\/2020\/02\/Forum-des-m\u00e9tiers-2020-75x75.png 75w\" sizes=\"auto, (max-width: 150px) 100vw, 150px\" \/><\/a> <a class=\"title\" href=\"http:\/\/wp.apelbellevue69.org\/?p=1342\">Forum des M\u00e9tiers 2nde et 1\u00e8re<\/a> <span class=\"excerpt-dash\">-<\/span> <span class=\"excerpt\">L\u2019Apel conjointement avec l\u2019\u00e9tablissement organise un forum des m\u00e9tiers \u00e0 destination des 3\u00e8mes et des 2ndes. Le Forum des M\u00e9tiers\u2026 <span class=\"excerpt-more\"><\/span><\/span><\/div><div class=\"listing-item one-half\"><a class=\"image\" href=\"http:\/\/wp.apelbellevue69.org\/?p=349\"><img loading=\"lazy\" decoding=\"async\" width=\"150\" height=\"150\" src=\"http:\/\/wp.apelbellevue69.org\/wp-content\/uploads\/2019\/09\/Affiche-AG-150x150.jpg\" class=\"attachment-thumbnail size-thumbnail wp-post-image\" alt=\"\" srcset=\"http:\/\/wp.apelbellevue69.org\/wp-content\/uploads\/2019\/09\/Affiche-AG-150x150.jpg 150w, http:\/\/wp.apelbellevue69.org\/wp-content\/uploads\/2019\/09\/Affiche-AG-90x90.jpg 90w, http:\/\/wp.apelbellevue69.org\/wp-content\/uploads\/2019\/09\/Affiche-AG-75x75.jpg 75w\" sizes=\"auto, (max-width: 150px) 100vw, 150px\" \/><\/a> <a class=\"title\" href=\"http:\/\/wp.apelbellevue69.org\/?p=349\">Assembl\u00e9e G\u00e9n\u00e9rale Ordinaire &#038; ExtraOrdinaire<\/a> <span class=\"excerpt-dash\">-<\/span> <span class=\"excerpt\">Le Conseil d\u2019Administration de l\u2019Apel de l\u2019Assomption Bellevue a l\u2019honneur de vous inviter \u00e0 participer \u00e0 l\u2019Assembl\u00e9e G\u00e9n\u00e9rale Ordinaire et\u2026 <span class=\"excerpt-more\"><\/span><\/span><\/div><div class=\"listing-item one-half first\"><a class=\"image\" href=\"http:\/\/wp.apelbellevue69.org\/?p=342\"><img loading=\"lazy\" decoding=\"async\" width=\"150\" height=\"150\" src=\"http:\/\/wp.apelbellevue69.org\/wp-content\/uploads\/2019\/09\/Conference24sept2019-150x150.jpg\" class=\"attachment-thumbnail size-thumbnail wp-post-image\" alt=\"\" srcset=\"http:\/\/wp.apelbellevue69.org\/wp-content\/uploads\/2019\/09\/Conference24sept2019-150x150.jpg 150w, http:\/\/wp.apelbellevue69.org\/wp-content\/uploads\/2019\/09\/Conference24sept2019-90x90.jpg 90w, http:\/\/wp.apelbellevue69.org\/wp-content\/uploads\/2019\/09\/Conference24sept2019-75x75.jpg 75w\" sizes=\"auto, (max-width: 150px) 100vw, 150px\" \/><\/a> <a class=\"title\" href=\"http:\/\/wp.apelbellevue69.org\/?p=342\">Conf\u00e9rence \u00ab Je d\u00e9couvre l\u2019usage num\u00e9rique de mes enfants \u00bb<\/a> <span class=\"excerpt-dash\">-<\/span> <span class=\"excerpt\">\u00ab Je d\u00e9couvre l\u2019usage num\u00e9rique de mes enfants \u00bb Mardi 24 septembre 2019 \u00e0 19h. Salle de conf\u00e9rence du lyc\u00e9e\u2026 <span class=\"excerpt-more\"><\/span><\/span><\/div><div class=\"listing-item one-half\"><a class=\"image\" href=\"http:\/\/wp.apelbellevue69.org\/?p=306\"><img loading=\"lazy\" decoding=\"async\" width=\"150\" height=\"150\" src=\"http:\/\/wp.apelbellevue69.org\/wp-content\/uploads\/2019\/08\/Flyer-_-Forum-Apel-p1-150x150.jpg\" class=\"attachment-thumbnail size-thumbnail wp-post-image\" alt=\"\" srcset=\"http:\/\/wp.apelbellevue69.org\/wp-content\/uploads\/2019\/08\/Flyer-_-Forum-Apel-p1-150x150.jpg 150w, http:\/\/wp.apelbellevue69.org\/wp-content\/uploads\/2019\/08\/Flyer-_-Forum-Apel-p1-90x90.jpg 90w, http:\/\/wp.apelbellevue69.org\/wp-content\/uploads\/2019\/08\/Flyer-_-Forum-Apel-p1-75x75.jpg 75w\" sizes=\"auto, (max-width: 150px) 100vw, 150px\" \/><\/a> <a class=\"title\" href=\"http:\/\/wp.apelbellevue69.org\/?p=306\">Forum Apel<\/a> <span class=\"excerpt-dash\">-<\/span> <span class=\"excerpt\">Le vendredi 6 septembre 2019&nbsp;\u00e0 partir de 16h sur le toit du lyc\u00e9e. Echangez, rencontrez les parents b\u00e9n\u00e9voles de l'Apel\u2026 <span class=\"excerpt-more\"><\/span><\/span><\/div><div class=\"listing-item one-half first\"><a class=\"image\" href=\"http:\/\/wp.apelbellevue69.org\/?p=303\"><img loading=\"lazy\" decoding=\"async\" width=\"150\" height=\"133\" src=\"http:\/\/wp.apelbellevue69.org\/wp-content\/uploads\/2019\/08\/2016_Colis-Coll\u00e8ge-150x133.jpg\" class=\"attachment-thumbnail size-thumbnail wp-post-image\" alt=\"\" \/><\/a> <a class=\"title\" href=\"http:\/\/wp.apelbellevue69.org\/?p=303\">Distribution des Colis Fournitures Coll\u00e8ges<\/a> <span class=\"excerpt-dash\">-<\/span> <span class=\"excerpt\">Les colis fournitures du coll\u00e8ge pourront \u00eatre retir\u00e9s \u00e0 Bellevue le vendredi 30 ao\u00fbt de 11h \u00e0 17h. Bonne rentr\u00e9e <span class=\"excerpt-more\"><\/span><\/span><\/div><div class=\"listing-item one-half\"><a class=\"title\" href=\"http:\/\/wp.apelbellevue69.org\/?p=228\">Premier march\u00e9 de No\u00ebl<\/a> <span class=\"excerpt-dash\">-<\/span> <span class=\"excerpt\">Notre premier march\u00e9 de no\u00ebl s\u2019est d\u00e9roul\u00e9 le mardi 4\/12 \u00e0 l\u2019\u00e9cole primaire. Nous nous sommes retrouv\u00e9s en famille dans\u2026 <span class=\"excerpt-more\"><\/span><\/span><\/div><div class=\"listing-item one-half first\"><a class=\"image\" href=\"http:\/\/wp.apelbellevue69.org\/?p=59\"><img loading=\"lazy\" decoding=\"async\" width=\"150\" height=\"150\" src=\"http:\/\/wp.apelbellevue69.org\/wp-content\/uploads\/2019\/04\/ForumDesMetiers-150x150.jpg\" class=\"attachment-thumbnail size-thumbnail wp-post-image\" alt=\"\" srcset=\"http:\/\/wp.apelbellevue69.org\/wp-content\/uploads\/2019\/04\/ForumDesMetiers-150x150.jpg 150w, http:\/\/wp.apelbellevue69.org\/wp-content\/uploads\/2019\/04\/ForumDesMetiers.jpg 214w\" sizes=\"auto, (max-width: 150px) 100vw, 150px\" \/><\/a> <a class=\"title\" href=\"http:\/\/wp.apelbellevue69.org\/?p=59\">2\u00e8me Forum des m\u00e9tiers<\/a> <span class=\"excerpt-dash\">-<\/span> <span class=\"excerpt\">Pour la seconde ann\u00e9e, un forum des m\u00e9tiers a \u00e9t\u00e9 organis\u00e9 pour les classes de 3\u00e8me et seconde le 11\u2026 <span class=\"excerpt-more\"><\/span><\/span><\/div><\/div>\n<\/div><\/div>\n\n\n\n<div style=\"height:100px\" aria-hidden=\"true\" class=\"wp-block-spacer\"><\/div>\n\n\n\n<hr class=\"wp-block-separator\"\/>\n\n\n\n<div style=\"height:100px\" aria-hidden=\"true\" class=\"wp-block-spacer\"><\/div>\n","protected":false},"excerpt":{"rendered":"<p>Toute le long de l&rsquo;ann\u00e9e scolaire, l&rsquo;Apel organise de nombreux \u00e9venements permettant &nbsp; de rassembler parents, enseignants, Ils cr\u00e9ent une dynamique et favorisent ainsi le lien entre les familles et l&rsquo;ensemble de la communaut\u00e9 \u00e9ducative\u2026 Ev\u00e9nements \u00e0 venir Ev\u00e9nements pass\u00e9s<\/p>\n","protected":false},"author":1,"featured_media":0,"parent":79,"menu_order":0,"comment_status":"closed","ping_status":"closed","template":"","meta":{"jetpack_post_was_ever_published":false,"footnotes":""},"class_list":["post-236","page","type-page","status-publish","hentry"],"yoast_head":"<!-- This site is optimized with the Yoast SEO plugin v24.9 - https:\/\/yoast.com\/wordpress\/plugins\/seo\/ -->\n<title>Nos Ev\u00e8nements - Apel Assomption Bellevue<\/title>\n<meta name=\"robots\" content=\"index, follow, max-snippet:-1, max-image-preview:large, max-video-preview:-1\" \/>\n<link rel=\"canonical\" href=\"http:\/\/wp.apelbellevue69.org\/?page_id=236\" \/>\n<meta property=\"og:locale\" content=\"fr_FR\" \/>\n<meta property=\"og:type\" content=\"article\" \/>\n<meta property=\"og:title\" content=\"Nos Ev\u00e8nements - Apel Assomption Bellevue\" \/>\n<meta property=\"og:description\" content=\"Toute le long de l&rsquo;ann\u00e9e scolaire, l&rsquo;Apel organise de nombreux \u00e9venements permettant &nbsp; de rassembler parents, enseignants, Ils cr\u00e9ent une dynamique et favorisent ainsi le lien entre les familles et l&rsquo;ensemble de la communaut\u00e9 \u00e9ducative\u2026 Ev\u00e9nements \u00e0 venir Ev\u00e9nements pass\u00e9s\" \/>\n<meta property=\"og:url\" content=\"http:\/\/wp.apelbellevue69.org\/?page_id=236\" \/>\n<meta property=\"og:site_name\" content=\"Apel Assomption Bellevue\" \/>\n<meta property=\"article:modified_time\" content=\"2019-11-19T14:45:54+00:00\" \/>\n<meta name=\"twitter:card\" content=\"summary_large_image\" \/>\n<script type=\"application\/ld+json\" class=\"yoast-schema-graph\">{\"@context\":\"https:\/\/schema.org\",\"@graph\":[{\"@type\":\"WebPage\",\"@id\":\"http:\/\/wp.apelbellevue69.org\/?page_id=236\",\"url\":\"http:\/\/wp.apelbellevue69.org\/?page_id=236\",\"name\":\"Nos Ev\u00e8nements - Apel Assomption Bellevue\",\"isPartOf\":{\"@id\":\"https:\/\/wp.apelbellevue69.org\/#website\"},\"datePublished\":\"2019-05-10T20:51:51+00:00\",\"dateModified\":\"2019-11-19T14:45:54+00:00\",\"breadcrumb\":{\"@id\":\"http:\/\/wp.apelbellevue69.org\/?page_id=236#breadcrumb\"},\"inLanguage\":\"fr-FR\",\"potentialAction\":[{\"@type\":\"ReadAction\",\"target\":[\"http:\/\/wp.apelbellevue69.org\/?page_id=236\"]}]},{\"@type\":\"BreadcrumbList\",\"@id\":\"http:\/\/wp.apelbellevue69.org\/?page_id=236#breadcrumb\",\"itemListElement\":[{\"@type\":\"ListItem\",\"position\":1,\"name\":\"Accueil\",\"item\":\"https:\/\/wp.apelbellevue69.org\/\"},{\"@type\":\"ListItem\",\"position\":2,\"name\":\"\u00c9v\u00e9nements\",\"item\":\"http:\/\/wp.apelbellevue69.org\/?page_id=79\"},{\"@type\":\"ListItem\",\"position\":3,\"name\":\"Nos Ev\u00e8nements\"}]},{\"@type\":\"WebSite\",\"@id\":\"https:\/\/wp.apelbellevue69.org\/#website\",\"url\":\"https:\/\/wp.apelbellevue69.org\/\",\"name\":\"Apel Assomption Bellevue\",\"description\":\"L&#039;Apel le fait pour vous\",\"publisher\":{\"@id\":\"https:\/\/wp.apelbellevue69.org\/#organization\"},\"potentialAction\":[{\"@type\":\"SearchAction\",\"target\":{\"@type\":\"EntryPoint\",\"urlTemplate\":\"https:\/\/wp.apelbellevue69.org\/?s={search_term_string}\"},\"query-input\":{\"@type\":\"PropertyValueSpecification\",\"valueRequired\":true,\"valueName\":\"search_term_string\"}}],\"inLanguage\":\"fr-FR\"},{\"@type\":\"Organization\",\"@id\":\"https:\/\/wp.apelbellevue69.org\/#organization\",\"name\":\"Apel Assomption Bellevue\",\"url\":\"https:\/\/wp.apelbellevue69.org\/\",\"logo\":{\"@type\":\"ImageObject\",\"inLanguage\":\"fr-FR\",\"@id\":\"https:\/\/wp.apelbellevue69.org\/#\/schema\/logo\/image\/\",\"url\":\"http:\/\/wp.apelbellevue69.org\/wp-content\/uploads\/2019\/09\/cropped-apel-new-logo-all\u00e9g\u00e9-100.png\",\"contentUrl\":\"http:\/\/wp.apelbellevue69.org\/wp-content\/uploads\/2019\/09\/cropped-apel-new-logo-all\u00e9g\u00e9-100.png\",\"width\":100,\"height\":82,\"caption\":\"Apel Assomption Bellevue\"},\"image\":{\"@id\":\"https:\/\/wp.apelbellevue69.org\/#\/schema\/logo\/image\/\"}}]}<\/script>\n<!-- \/ Yoast SEO plugin. -->","yoast_head_json":{"title":"Nos Ev\u00e8nements - Apel Assomption Bellevue","robots":{"index":"index","follow":"follow","max-snippet":"max-snippet:-1","max-image-preview":"max-image-preview:large","max-video-preview":"max-video-preview:-1"},"canonical":"http:\/\/wp.apelbellevue69.org\/?page_id=236","og_locale":"fr_FR","og_type":"article","og_title":"Nos Ev\u00e8nements - Apel Assomption Bellevue","og_description":"Toute le long de l&rsquo;ann\u00e9e scolaire, l&rsquo;Apel organise de nombreux \u00e9venements permettant &nbsp; de rassembler parents, enseignants, Ils cr\u00e9ent une dynamique et favorisent ainsi le lien entre les familles et l&rsquo;ensemble de la communaut\u00e9 \u00e9ducative\u2026 Ev\u00e9nements \u00e0 venir Ev\u00e9nements pass\u00e9s","og_url":"http:\/\/wp.apelbellevue69.org\/?page_id=236","og_site_name":"Apel Assomption Bellevue","article_modified_time":"2019-11-19T14:45:54+00:00","twitter_card":"summary_large_image","schema":{"@context":"https:\/\/schema.org","@graph":[{"@type":"WebPage","@id":"http:\/\/wp.apelbellevue69.org\/?page_id=236","url":"http:\/\/wp.apelbellevue69.org\/?page_id=236","name":"Nos Ev\u00e8nements - Apel Assomption Bellevue","isPartOf":{"@id":"https:\/\/wp.apelbellevue69.org\/#website"},"datePublished":"2019-05-10T20:51:51+00:00","dateModified":"2019-11-19T14:45:54+00:00","breadcrumb":{"@id":"http:\/\/wp.apelbellevue69.org\/?page_id=236#breadcrumb"},"inLanguage":"fr-FR","potentialAction":[{"@type":"ReadAction","target":["http:\/\/wp.apelbellevue69.org\/?page_id=236"]}]},{"@type":"BreadcrumbList","@id":"http:\/\/wp.apelbellevue69.org\/?page_id=236#breadcrumb","itemListElement":[{"@type":"ListItem","position":1,"name":"Accueil","item":"https:\/\/wp.apelbellevue69.org\/"},{"@type":"ListItem","position":2,"name":"\u00c9v\u00e9nements","item":"http:\/\/wp.apelbellevue69.org\/?page_id=79"},{"@type":"ListItem","position":3,"name":"Nos Ev\u00e8nements"}]},{"@type":"WebSite","@id":"https:\/\/wp.apelbellevue69.org\/#website","url":"https:\/\/wp.apelbellevue69.org\/","name":"Apel Assomption Bellevue","description":"L&#039;Apel le fait pour vous","publisher":{"@id":"https:\/\/wp.apelbellevue69.org\/#organization"},"potentialAction":[{"@type":"SearchAction","target":{"@type":"EntryPoint","urlTemplate":"https:\/\/wp.apelbellevue69.org\/?s={search_term_string}"},"query-input":{"@type":"PropertyValueSpecification","valueRequired":true,"valueName":"search_term_string"}}],"inLanguage":"fr-FR"},{"@type":"Organization","@id":"https:\/\/wp.apelbellevue69.org\/#organization","name":"Apel Assomption Bellevue","url":"https:\/\/wp.apelbellevue69.org\/","logo":{"@type":"ImageObject","inLanguage":"fr-FR","@id":"https:\/\/wp.apelbellevue69.org\/#\/schema\/logo\/image\/","url":"http:\/\/wp.apelbellevue69.org\/wp-content\/uploads\/2019\/09\/cropped-apel-new-logo-all\u00e9g\u00e9-100.png","contentUrl":"http:\/\/wp.apelbellevue69.org\/wp-content\/uploads\/2019\/09\/cropped-apel-new-logo-all\u00e9g\u00e9-100.png","width":100,"height":82,"caption":"Apel Assomption Bellevue"},"image":{"@id":"https:\/\/wp.apelbellevue69.org\/#\/schema\/logo\/image\/"}}]}},"jetpack_sharing_enabled":true,"jetpack_shortlink":"https:\/\/wp.me\/PaWVTP-3O","jetpack_likes_enabled":true,"_links":{"self":[{"href":"http:\/\/wp.apelbellevue69.org\/index.php?rest_route=\/wp\/v2\/pages\/236","targetHints":{"allow":["GET"]}}],"collection":[{"href":"http:\/\/wp.apelbellevue69.org\/index.php?rest_route=\/wp\/v2\/pages"}],"about":[{"href":"http:\/\/wp.apelbellevue69.org\/index.php?rest_route=\/wp\/v2\/types\/page"}],"author":[{"embeddable":true,"href":"http:\/\/wp.apelbellevue69.org\/index.php?rest_route=\/wp\/v2\/users\/1"}],"replies":[{"embeddable":true,"href":"http:\/\/wp.apelbellevue69.org\/index.php?rest_route=%2Fwp%2Fv2%2Fcomments&post=236"}],"version-history":[{"count":109,"href":"http:\/\/wp.apelbellevue69.org\/index.php?rest_route=\/wp\/v2\/pages\/236\/revisions"}],"predecessor-version":[{"id":978,"href":"http:\/\/wp.apelbellevue69.org\/index.php?rest_route=\/wp\/v2\/pages\/236\/revisions\/978"}],"up":[{"embeddable":true,"href":"http:\/\/wp.apelbellevue69.org\/index.php?rest_route=\/wp\/v2\/pages\/79"}],"wp:attachment":[{"href":"http:\/\/wp.apelbellevue69.org\/index.php?rest_route=%2Fwp%2Fv2%2Fmedia&parent=236"}],"curies":[{"name":"wp","href":"https:\/\/api.w.org\/{rel}","templated":true}]}}