{"id":365,"date":"2019-09-29T22:00:50","date_gmt":"2019-09-29T20:00:50","guid":{"rendered":"http:\/\/wp.apelbellevue69.org\/?page_id=365"},"modified":"2019-11-19T16:18:04","modified_gmt":"2019-11-19T15:18:04","slug":"la-charte-du-benevole","status":"publish","type":"page","link":"http:\/\/wp.apelbellevue69.org\/?page_id=365","title":{"rendered":"La Charte du B\u00e9n\u00e9vole"},"content":{"rendered":"\n<p><\/p>\n\n\n\n<p>Le b\u00e9n\u00e9vole s\u2019engage \u00e0&nbsp;:<\/p>\n\n\n\n<p>\u2013 accepter les principes de l\u2019APEL\net \u00e0 se conformer \u00e0 ses objectifs,<\/p>\n\n\n\n<p>\u2013 participer aux activit\u00e9s et \u00eatre\npr\u00e9sent lors des actions,<\/p>\n\n\n\n<p>\u2013 assurer avec s\u00e9rieux, discr\u00e9tion\net r\u00e9gularit\u00e9 l\u2019activit\u00e9 choisie,<\/p>\n\n\n\n<p>\u2013 \u00eatre assidu aux diverses\nr\u00e9unions,<\/p>\n\n\n\n<p>\u2013 se sentir responsable et\nsolidaire de la promotion et du d\u00e9veloppement de l\u2019APEL,<\/p>\n\n\n\n<p>\u2013 collaborer dans un esprit de\ncompr\u00e9hension mutuelle avec les autres b\u00e9n\u00e9voles et la communaut\u00e9 \u00e9ducative,<\/p>\n\n\n\n<p>\u2013 \u00e0 consacrer du temps et \u00e0 mettre\nses comp\u00e9tences au service de l\u2019APEL,<\/p>\n\n\n\n<p>\u2013 suivre les actions de formation\npropos\u00e9es,<\/p>\n\n\n\n<p>\u2013 respecter la confidentialit\u00e9 de\ncertaines informations.<\/p>\n\n\n\n<p>C\u2019est une d\u00e9marche personnelle,\nsans contrepartie financi\u00e8re, dont la motivation repose uniquement sur la\nnotion de service et d\u2019engagement.<\/p>\n\n\n\n<p>Cet engagement associatif se\ndiff\u00e9rencie des habitudes de la vie professionnelle et situe autrement les\nrelations entre les personnes. Il n\u2019y pas de relations hi\u00e9rarchiques mais la\nreconnaissance d\u2019une relation d\u2019ob\u00e9issance et d\u2019acceptation des choix de l\u2019association\npour r\u00e9aliser sa mission.<\/p>\n\n\n\n<p>Pour autant, cet engagement\nassociatif n\u2019exclut pas le recours au professionnalisme du b\u00e9n\u00e9vole dans\nl\u2019accomplissement de t\u00e2ches ou de missions sp\u00e9cifiques.<\/p>\n\n\n\n<p>Lorsqu\u2019il intervient dans\nl\u2019\u00e9tablissement, le b\u00e9n\u00e9vole fait la diff\u00e9rence entre son statut de parent et\nson statut de b\u00e9n\u00e9vole, engag\u00e9 dans une activit\u00e9 de<\/p>\n\n\n\n<p>l\u2019APEL.<\/p>\n","protected":false},"excerpt":{"rendered":"<p>Le b\u00e9n\u00e9vole s\u2019engage \u00e0&nbsp;: \u2013 accepter les principes de l\u2019APEL et \u00e0 se conformer \u00e0 ses objectifs, \u2013 participer aux activit\u00e9s et \u00eatre pr\u00e9sent lors des actions, \u2013 assurer avec s\u00e9rieux, discr\u00e9tion et r\u00e9gularit\u00e9 l\u2019activit\u00e9 choisie, \u2013 \u00eatre assidu aux diverses r\u00e9unions, \u2013 se sentir responsable et solidaire de la promotion et du d\u00e9veloppement de l\u2019APEL, \u2013 collaborer dans un<\/p>\n","protected":false},"author":5,"featured_media":0,"parent":0,"menu_order":0,"comment_status":"closed","ping_status":"closed","template":"","meta":{"jetpack_post_was_ever_published":false,"footnotes":""},"class_list":["post-365","page","type-page","status-publish","hentry"],"yoast_head":"<!-- This site is optimized with the Yoast SEO plugin v24.9 - https:\/\/yoast.com\/wordpress\/plugins\/seo\/ -->\n<title>La Charte du B\u00e9n\u00e9vole - Apel Assomption Bellevue<\/title>\n<meta name=\"robots\" content=\"index, follow, max-snippet:-1, max-image-preview:large, max-video-preview:-1\" \/>\n<link rel=\"canonical\" href=\"http:\/\/wp.apelbellevue69.org\/?page_id=365\" \/>\n<meta property=\"og:locale\" content=\"fr_FR\" \/>\n<meta property=\"og:type\" content=\"article\" \/>\n<meta property=\"og:title\" content=\"La Charte du B\u00e9n\u00e9vole - Apel Assomption Bellevue\" \/>\n<meta property=\"og:description\" content=\"Le b\u00e9n\u00e9vole s\u2019engage \u00e0&nbsp;: \u2013 accepter les principes de l\u2019APEL et \u00e0 se conformer \u00e0 ses objectifs, \u2013 participer aux activit\u00e9s et \u00eatre pr\u00e9sent lors des actions, \u2013 assurer avec s\u00e9rieux, discr\u00e9tion et r\u00e9gularit\u00e9 l\u2019activit\u00e9 choisie, \u2013 \u00eatre assidu aux diverses r\u00e9unions, \u2013 se sentir responsable et solidaire de la promotion et du d\u00e9veloppement de l\u2019APEL, \u2013 collaborer dans un\" \/>\n<meta property=\"og:url\" content=\"http:\/\/wp.apelbellevue69.org\/?page_id=365\" \/>\n<meta property=\"og:site_name\" content=\"Apel Assomption Bellevue\" \/>\n<meta property=\"article:modified_time\" content=\"2019-11-19T15:18:04+00:00\" \/>\n<meta name=\"twitter:card\" content=\"summary_large_image\" \/>\n<meta name=\"twitter:label1\" content=\"Dur\u00e9e de lecture estim\u00e9e\" \/>\n\t<meta name=\"twitter:data1\" content=\"1 minute\" \/>\n<script type=\"application\/ld+json\" class=\"yoast-schema-graph\">{\"@context\":\"https:\/\/schema.org\",\"@graph\":[{\"@type\":\"WebPage\",\"@id\":\"http:\/\/wp.apelbellevue69.org\/?page_id=365\",\"url\":\"http:\/\/wp.apelbellevue69.org\/?page_id=365\",\"name\":\"La Charte du B\u00e9n\u00e9vole - Apel Assomption Bellevue\",\"isPartOf\":{\"@id\":\"https:\/\/wp.apelbellevue69.org\/#website\"},\"datePublished\":\"2019-09-29T20:00:50+00:00\",\"dateModified\":\"2019-11-19T15:18:04+00:00\",\"breadcrumb\":{\"@id\":\"http:\/\/wp.apelbellevue69.org\/?page_id=365#breadcrumb\"},\"inLanguage\":\"fr-FR\",\"potentialAction\":[{\"@type\":\"ReadAction\",\"target\":[\"http:\/\/wp.apelbellevue69.org\/?page_id=365\"]}]},{\"@type\":\"BreadcrumbList\",\"@id\":\"http:\/\/wp.apelbellevue69.org\/?page_id=365#breadcrumb\",\"itemListElement\":[{\"@type\":\"ListItem\",\"position\":1,\"name\":\"Accueil\",\"item\":\"https:\/\/wp.apelbellevue69.org\/\"},{\"@type\":\"ListItem\",\"position\":2,\"name\":\"La Charte du B\u00e9n\u00e9vole\"}]},{\"@type\":\"WebSite\",\"@id\":\"https:\/\/wp.apelbellevue69.org\/#website\",\"url\":\"https:\/\/wp.apelbellevue69.org\/\",\"name\":\"Apel Assomption Bellevue\",\"description\":\"L&#039;Apel le fait pour vous\",\"publisher\":{\"@id\":\"https:\/\/wp.apelbellevue69.org\/#organization\"},\"potentialAction\":[{\"@type\":\"SearchAction\",\"target\":{\"@type\":\"EntryPoint\",\"urlTemplate\":\"https:\/\/wp.apelbellevue69.org\/?s={search_term_string}\"},\"query-input\":{\"@type\":\"PropertyValueSpecification\",\"valueRequired\":true,\"valueName\":\"search_term_string\"}}],\"inLanguage\":\"fr-FR\"},{\"@type\":\"Organization\",\"@id\":\"https:\/\/wp.apelbellevue69.org\/#organization\",\"name\":\"Apel Assomption Bellevue\",\"url\":\"https:\/\/wp.apelbellevue69.org\/\",\"logo\":{\"@type\":\"ImageObject\",\"inLanguage\":\"fr-FR\",\"@id\":\"https:\/\/wp.apelbellevue69.org\/#\/schema\/logo\/image\/\",\"url\":\"http:\/\/wp.apelbellevue69.org\/wp-content\/uploads\/2019\/09\/cropped-apel-new-logo-all\u00e9g\u00e9-100.png\",\"contentUrl\":\"http:\/\/wp.apelbellevue69.org\/wp-content\/uploads\/2019\/09\/cropped-apel-new-logo-all\u00e9g\u00e9-100.png\",\"width\":100,\"height\":82,\"caption\":\"Apel Assomption Bellevue\"},\"image\":{\"@id\":\"https:\/\/wp.apelbellevue69.org\/#\/schema\/logo\/image\/\"}}]}<\/script>\n<!-- \/ Yoast SEO plugin. -->","yoast_head_json":{"title":"La Charte du B\u00e9n\u00e9vole - Apel Assomption Bellevue","robots":{"index":"index","follow":"follow","max-snippet":"max-snippet:-1","max-image-preview":"max-image-preview:large","max-video-preview":"max-video-preview:-1"},"canonical":"http:\/\/wp.apelbellevue69.org\/?page_id=365","og_locale":"fr_FR","og_type":"article","og_title":"La Charte du B\u00e9n\u00e9vole - Apel Assomption Bellevue","og_description":"Le b\u00e9n\u00e9vole s\u2019engage \u00e0&nbsp;: \u2013 accepter les principes de l\u2019APEL et \u00e0 se conformer \u00e0 ses objectifs, \u2013 participer aux activit\u00e9s et \u00eatre pr\u00e9sent lors des actions, \u2013 assurer avec s\u00e9rieux, discr\u00e9tion et r\u00e9gularit\u00e9 l\u2019activit\u00e9 choisie, \u2013 \u00eatre assidu aux diverses r\u00e9unions, \u2013 se sentir responsable et solidaire de la promotion et du d\u00e9veloppement de l\u2019APEL, \u2013 collaborer dans un","og_url":"http:\/\/wp.apelbellevue69.org\/?page_id=365","og_site_name":"Apel Assomption Bellevue","article_modified_time":"2019-11-19T15:18:04+00:00","twitter_card":"summary_large_image","twitter_misc":{"Dur\u00e9e de lecture estim\u00e9e":"1 minute"},"schema":{"@context":"https:\/\/schema.org","@graph":[{"@type":"WebPage","@id":"http:\/\/wp.apelbellevue69.org\/?page_id=365","url":"http:\/\/wp.apelbellevue69.org\/?page_id=365","name":"La Charte du B\u00e9n\u00e9vole - Apel Assomption Bellevue","isPartOf":{"@id":"https:\/\/wp.apelbellevue69.org\/#website"},"datePublished":"2019-09-29T20:00:50+00:00","dateModified":"2019-11-19T15:18:04+00:00","breadcrumb":{"@id":"http:\/\/wp.apelbellevue69.org\/?page_id=365#breadcrumb"},"inLanguage":"fr-FR","potentialAction":[{"@type":"ReadAction","target":["http:\/\/wp.apelbellevue69.org\/?page_id=365"]}]},{"@type":"BreadcrumbList","@id":"http:\/\/wp.apelbellevue69.org\/?page_id=365#breadcrumb","itemListElement":[{"@type":"ListItem","position":1,"name":"Accueil","item":"https:\/\/wp.apelbellevue69.org\/"},{"@type":"ListItem","position":2,"name":"La Charte du B\u00e9n\u00e9vole"}]},{"@type":"WebSite","@id":"https:\/\/wp.apelbellevue69.org\/#website","url":"https:\/\/wp.apelbellevue69.org\/","name":"Apel Assomption Bellevue","description":"L&#039;Apel le fait pour vous","publisher":{"@id":"https:\/\/wp.apelbellevue69.org\/#organization"},"potentialAction":[{"@type":"SearchAction","target":{"@type":"EntryPoint","urlTemplate":"https:\/\/wp.apelbellevue69.org\/?s={search_term_string}"},"query-input":{"@type":"PropertyValueSpecification","valueRequired":true,"valueName":"search_term_string"}}],"inLanguage":"fr-FR"},{"@type":"Organization","@id":"https:\/\/wp.apelbellevue69.org\/#organization","name":"Apel Assomption Bellevue","url":"https:\/\/wp.apelbellevue69.org\/","logo":{"@type":"ImageObject","inLanguage":"fr-FR","@id":"https:\/\/wp.apelbellevue69.org\/#\/schema\/logo\/image\/","url":"http:\/\/wp.apelbellevue69.org\/wp-content\/uploads\/2019\/09\/cropped-apel-new-logo-all\u00e9g\u00e9-100.png","contentUrl":"http:\/\/wp.apelbellevue69.org\/wp-content\/uploads\/2019\/09\/cropped-apel-new-logo-all\u00e9g\u00e9-100.png","width":100,"height":82,"caption":"Apel Assomption Bellevue"},"image":{"@id":"https:\/\/wp.apelbellevue69.org\/#\/schema\/logo\/image\/"}}]}},"jetpack_sharing_enabled":true,"jetpack_shortlink":"https:\/\/wp.me\/PaWVTP-5T","jetpack_likes_enabled":true,"_links":{"self":[{"href":"http:\/\/wp.apelbellevue69.org\/index.php?rest_route=\/wp\/v2\/pages\/365","targetHints":{"allow":["GET"]}}],"collection":[{"href":"http:\/\/wp.apelbellevue69.org\/index.php?rest_route=\/wp\/v2\/pages"}],"about":[{"href":"http:\/\/wp.apelbellevue69.org\/index.php?rest_route=\/wp\/v2\/types\/page"}],"author":[{"embeddable":true,"href":"http:\/\/wp.apelbellevue69.org\/index.php?rest_route=\/wp\/v2\/users\/5"}],"replies":[{"embeddable":true,"href":"http:\/\/wp.apelbellevue69.org\/index.php?rest_route=%2Fwp%2Fv2%2Fcomments&post=365"}],"version-history":[{"count":1,"href":"http:\/\/wp.apelbellevue69.org\/index.php?rest_route=\/wp\/v2\/pages\/365\/revisions"}],"predecessor-version":[{"id":366,"href":"http:\/\/wp.apelbellevue69.org\/index.php?rest_route=\/wp\/v2\/pages\/365\/revisions\/366"}],"wp:attachment":[{"href":"http:\/\/wp.apelbellevue69.org\/index.php?rest_route=%2Fwp%2Fv2%2Fmedia&parent=365"}],"curies":[{"name":"wp","href":"https:\/\/api.w.org\/{rel}","templated":true}]}}