{"id":355,"date":"2019-09-29T21:53:16","date_gmt":"2019-09-29T19:53:16","guid":{"rendered":"http:\/\/wp.apelbellevue69.org\/?page_id=355"},"modified":"2019-09-29T21:59:16","modified_gmt":"2019-09-29T19:59:16","slug":"pourquoi-nous-rejoindre","status":"publish","type":"page","link":"https:\/\/wp.apelbellevue69.org\/?page_id=355","title":{"rendered":"Pourquoi nous rejoindre ?"},"content":{"rendered":"\n<h4 class=\"wp-block-heading\"><strong>Plaisir, Partage, Service : 3 raisons de PARTICIPER<\/strong><\/h4>\n\n\n\n<ul class=\"wp-block-list\"><li>Chacun peut      trouver du&nbsp;PLAISIR&nbsp;et de la joie \u00e0 participer aux activit\u00e9s de      l\u2019APEL : se r\u00e9unir, proposer et r\u00e9aliser des projets ensemble, \u00e0 la      d\u00e9couverte d\u2019autres parents, dans la bonne humeur !<br><\/li><li>Les      diff\u00e9rentes activit\u00e9s APEL sont des lieux d\u2019\u00e9changes et      de&nbsp;PARTAGES&nbsp;d\u2019exp\u00e9riences professionnelles, familiales,      \u00e9ducatives<br><\/li><li>C\u2019est un      engagement au&nbsp;SERVICE&nbsp;des familles, des enfants, de la      communaut\u00e9 \u00e9ducative, pour avancer et progresser ensemble !<\/li><\/ul>\n\n\n\n<div class=\"wp-block-image\"><figure class=\"aligncenter\"><img loading=\"lazy\" decoding=\"async\" width=\"300\" height=\"225\" src=\"http:\/\/wp.apelbellevue69.org\/wp-content\/uploads\/2019\/09\/PhotoApel.jpg\" alt=\"\" class=\"wp-image-356\"\/><\/figure><\/div>\n\n\n\n<h4 class=\"wp-block-heading\"><strong>Participer avec l\u2019APEL, c\u2019est la possibilit\u00e9 d\u2019\u00eatre membre du conseil d\u2019administration :<\/strong><\/h4>\n\n\n\n<ul class=\"wp-block-list\"><li>Est \u00e9lu lors de l\u2019Assembl\u00e9e G\u00e9n\u00e9rale de l\u2019APEL<br><\/li><li>se r\u00e9unit quatre \u00e0 cinq fois par an en Conseil D&rsquo;Administration<br><\/li><li>Etre membre d&rsquo;un des p\u00f4les Ecole, Coll\u00e8ge, Lyc\u00e9e, Etablissement ou Communication.<br><\/li><li>Est un lieu  d\u2019\u00e9coute et de d\u00e9bats sur la vie de l\u2019\u00e9tablissement.<br><\/li><li>Est le lien entre les questions des parents et l\u2019\u00e9quipe p\u00e9dagogique.<br><\/li><li>Propose des sujets \u00e0 int\u00e9grer \u00e0 l\u2019ordre du jour du Conseil d\u2019Etablissement.<br><\/li><li>Met en place les actions d\u00e9cid\u00e9es par le conseil d\u2019administration.<\/li><\/ul>\n\n\n\n<p><\/p>\n\n\n\n<h4 class=\"wp-block-heading\">Participer \u00e0 l\u2019APEL, c\u2019est repr\u00e9senter les parents dans les conseils et instances :<\/h4>\n\n\n\n<ul class=\"wp-block-list\"><li>Le(la)  pr\u00e9sident(e), les responsables de niveau participent \u00e0 l&rsquo;AGEA.<br><\/li><li>Des parents  correspondants participent aux conseils de classes et aux Conseils de  Discipline.<\/li><\/ul>\n\n\n\n<p>Participer \u00e0 l\u2019APEL, cela peut aussi \u00eatre&nbsp;<strong>ponctuel<\/strong>, sur l\u2019une des actions de l\u2019ann\u00e9e o\u00f9 l\u2019on peut apporter des comp\u00e9tences particuli\u00e8res. N\u2019h\u00e9sitez pas \u00e0 vous faire conna\u00eetre&nbsp;!<\/p>\n\n\n\n<div class=\"wpcf7 no-js\" id=\"wpcf7-f363-o1\" lang=\"fr-FR\" dir=\"ltr\">\n<div class=\"screen-reader-response\"><p role=\"status\" aria-live=\"polite\" aria-atomic=\"true\"><\/p> <ul><\/ul><\/div>\n<form action=\"\/index.php?rest_route=%2Fwp%2Fv2%2Fpages%2F355#wpcf7-f363-o1\" method=\"post\" class=\"wpcf7-form init\" aria-label=\"Formulaire de contact\" novalidate=\"novalidate\" data-status=\"init\">\n<div style=\"display: none;\">\n<input type=\"hidden\" name=\"_wpcf7\" value=\"363\" \/>\n<input type=\"hidden\" name=\"_wpcf7_version\" value=\"5.7.7\" \/>\n<input type=\"hidden\" name=\"_wpcf7_locale\" value=\"fr_FR\" \/>\n<input type=\"hidden\" name=\"_wpcf7_unit_tag\" value=\"wpcf7-f363-o1\" \/>\n<input type=\"hidden\" name=\"_wpcf7_container_post\" value=\"0\" \/>\n<input type=\"hidden\" name=\"_wpcf7_posted_data_hash\" value=\"\" \/>\n<\/div>\n<p><label> Votre nom (obligatoire)<br \/>\n<span class=\"wpcf7-form-control-wrap\" data-name=\"your-name\"><input size=\"40\" class=\"wpcf7-form-control wpcf7-text wpcf7-validates-as-required\" aria-required=\"true\" aria-invalid=\"false\" value=\"\" type=\"text\" name=\"your-name\" \/><\/span> <\/label>\n<\/p>\n<p><label> Votre adresse de messagerie (obligatoire)<br \/>\n<span class=\"wpcf7-form-control-wrap\" data-name=\"your-email\"><input size=\"40\" class=\"wpcf7-form-control wpcf7-text wpcf7-email wpcf7-validates-as-required wpcf7-validates-as-email\" aria-required=\"true\" aria-invalid=\"false\" value=\"\" type=\"email\" name=\"your-email\" \/><\/span> <\/label>\n<\/p>\n<p><label> Objet<br \/>\n<span class=\"wpcf7-form-control-wrap\" data-name=\"your-subject\"><input size=\"40\" class=\"wpcf7-form-control wpcf7-text\" aria-invalid=\"false\" value=\"\" type=\"text\" name=\"your-subject\" \/><\/span> <\/label>\n<\/p>\n<p><label> Votre message<br \/>\n<span class=\"wpcf7-form-control-wrap\" data-name=\"your-message\"><textarea cols=\"40\" rows=\"10\" class=\"wpcf7-form-control wpcf7-textarea\" aria-invalid=\"false\" name=\"your-message\"><\/textarea><\/span> <\/label>\n<\/p>\n<p><input class=\"wpcf7-form-control has-spinner wpcf7-submit\" type=\"submit\" value=\"Envoyer\" \/>\n<\/p><p style=\"display: none !important;\" class=\"akismet-fields-container\" data-prefix=\"_wpcf7_ak_\"><label>&#916;<textarea name=\"_wpcf7_ak_hp_textarea\" cols=\"45\" rows=\"8\" maxlength=\"100\"><\/textarea><\/label><input type=\"hidden\" id=\"ak_js_1\" name=\"_wpcf7_ak_js\" value=\"218\"\/><script>document.getElementById( \"ak_js_1\" ).setAttribute( \"value\", ( new Date() ).getTime() );<\/script><\/p><div class=\"wpcf7-response-output\" aria-hidden=\"true\"><\/div>\n<\/form>\n<\/div>\n\n\n\n\n<p><\/p>\n","protected":false},"excerpt":{"rendered":"<p>Plaisir, Partage, Service : 3 raisons de PARTICIPER Chacun peut trouver du&nbsp;PLAISIR&nbsp;et de la joie \u00e0 participer aux activit\u00e9s de l\u2019APEL : se r\u00e9unir, proposer et r\u00e9aliser des projets ensemble, \u00e0 la d\u00e9couverte d\u2019autres parents, dans la bonne humeur ! Les diff\u00e9rentes activit\u00e9s APEL sont des lieux d\u2019\u00e9changes et de&nbsp;PARTAGES&nbsp;d\u2019exp\u00e9riences professionnelles, familiales, \u00e9ducatives C\u2019est un engagement au&nbsp;SERVICE&nbsp;des familles, des enfants,<\/p>\n","protected":false},"author":1,"featured_media":0,"parent":0,"menu_order":0,"comment_status":"closed","ping_status":"closed","template":"","meta":{"jetpack_post_was_ever_published":false,"footnotes":""},"class_list":["post-355","page","type-page","status-publish","hentry"],"yoast_head":"<!-- This site is optimized with the Yoast SEO plugin v24.9 - https:\/\/yoast.com\/wordpress\/plugins\/seo\/ -->\n<title>Pourquoi nous rejoindre ? - Apel Assomption Bellevue<\/title>\n<meta name=\"robots\" content=\"index, follow, max-snippet:-1, max-image-preview:large, max-video-preview:-1\" \/>\n<link rel=\"canonical\" href=\"http:\/\/wp.apelbellevue69.org\/?page_id=355\" \/>\n<meta property=\"og:locale\" content=\"fr_FR\" \/>\n<meta property=\"og:type\" content=\"article\" \/>\n<meta property=\"og:title\" content=\"Pourquoi nous rejoindre ? - Apel Assomption Bellevue\" \/>\n<meta property=\"og:description\" content=\"Plaisir, Partage, Service : 3 raisons de PARTICIPER Chacun peut trouver du&nbsp;PLAISIR&nbsp;et de la joie \u00e0 participer aux activit\u00e9s de l\u2019APEL : se r\u00e9unir, proposer et r\u00e9aliser des projets ensemble, \u00e0 la d\u00e9couverte d\u2019autres parents, dans la bonne humeur ! Les diff\u00e9rentes activit\u00e9s APEL sont des lieux d\u2019\u00e9changes et de&nbsp;PARTAGES&nbsp;d\u2019exp\u00e9riences professionnelles, familiales, \u00e9ducatives C\u2019est un engagement au&nbsp;SERVICE&nbsp;des familles, des enfants,\" \/>\n<meta property=\"og:url\" content=\"http:\/\/wp.apelbellevue69.org\/?page_id=355\" \/>\n<meta property=\"og:site_name\" content=\"Apel Assomption Bellevue\" \/>\n<meta property=\"article:modified_time\" content=\"2019-09-29T19:59:16+00:00\" \/>\n<meta property=\"og:image\" content=\"http:\/\/wp.apelbellevue69.org\/wp-content\/uploads\/2019\/09\/PhotoApel.jpg\" \/>\n<meta name=\"twitter:card\" content=\"summary_large_image\" \/>\n<meta name=\"twitter:label1\" content=\"Dur\u00e9e de lecture estim\u00e9e\" \/>\n\t<meta name=\"twitter:data1\" content=\"1 minute\" \/>\n<script type=\"application\/ld+json\" class=\"yoast-schema-graph\">{\"@context\":\"https:\/\/schema.org\",\"@graph\":[{\"@type\":\"WebPage\",\"@id\":\"http:\/\/wp.apelbellevue69.org\/?page_id=355\",\"url\":\"http:\/\/wp.apelbellevue69.org\/?page_id=355\",\"name\":\"Pourquoi nous rejoindre ? - Apel Assomption Bellevue\",\"isPartOf\":{\"@id\":\"http:\/\/wp.apelbellevue69.org\/#website\"},\"primaryImageOfPage\":{\"@id\":\"http:\/\/wp.apelbellevue69.org\/?page_id=355#primaryimage\"},\"image\":{\"@id\":\"http:\/\/wp.apelbellevue69.org\/?page_id=355#primaryimage\"},\"thumbnailUrl\":\"http:\/\/wp.apelbellevue69.org\/wp-content\/uploads\/2019\/09\/PhotoApel.jpg\",\"datePublished\":\"2019-09-29T19:53:16+00:00\",\"dateModified\":\"2019-09-29T19:59:16+00:00\",\"breadcrumb\":{\"@id\":\"http:\/\/wp.apelbellevue69.org\/?page_id=355#breadcrumb\"},\"inLanguage\":\"fr-FR\",\"potentialAction\":[{\"@type\":\"ReadAction\",\"target\":[\"http:\/\/wp.apelbellevue69.org\/?page_id=355\"]}]},{\"@type\":\"ImageObject\",\"inLanguage\":\"fr-FR\",\"@id\":\"http:\/\/wp.apelbellevue69.org\/?page_id=355#primaryimage\",\"url\":\"https:\/\/wp.apelbellevue69.org\/wp-content\/uploads\/2019\/09\/PhotoApel.jpg\",\"contentUrl\":\"https:\/\/wp.apelbellevue69.org\/wp-content\/uploads\/2019\/09\/PhotoApel.jpg\",\"width\":300,\"height\":225},{\"@type\":\"BreadcrumbList\",\"@id\":\"http:\/\/wp.apelbellevue69.org\/?page_id=355#breadcrumb\",\"itemListElement\":[{\"@type\":\"ListItem\",\"position\":1,\"name\":\"Accueil\",\"item\":\"http:\/\/wp.apelbellevue69.org\/\"},{\"@type\":\"ListItem\",\"position\":2,\"name\":\"Pourquoi nous rejoindre ?\"}]},{\"@type\":\"WebSite\",\"@id\":\"http:\/\/wp.apelbellevue69.org\/#website\",\"url\":\"http:\/\/wp.apelbellevue69.org\/\",\"name\":\"Apel Assomption Bellevue\",\"description\":\"L&#039;Apel le fait pour vous\",\"publisher\":{\"@id\":\"http:\/\/wp.apelbellevue69.org\/#organization\"},\"potentialAction\":[{\"@type\":\"SearchAction\",\"target\":{\"@type\":\"EntryPoint\",\"urlTemplate\":\"http:\/\/wp.apelbellevue69.org\/?s={search_term_string}\"},\"query-input\":{\"@type\":\"PropertyValueSpecification\",\"valueRequired\":true,\"valueName\":\"search_term_string\"}}],\"inLanguage\":\"fr-FR\"},{\"@type\":\"Organization\",\"@id\":\"http:\/\/wp.apelbellevue69.org\/#organization\",\"name\":\"Apel Assomption Bellevue\",\"url\":\"http:\/\/wp.apelbellevue69.org\/\",\"logo\":{\"@type\":\"ImageObject\",\"inLanguage\":\"fr-FR\",\"@id\":\"http:\/\/wp.apelbellevue69.org\/#\/schema\/logo\/image\/\",\"url\":\"https:\/\/wp.apelbellevue69.org\/wp-content\/uploads\/2019\/09\/cropped-apel-new-logo-all\u00e9g\u00e9-100.png\",\"contentUrl\":\"https:\/\/wp.apelbellevue69.org\/wp-content\/uploads\/2019\/09\/cropped-apel-new-logo-all\u00e9g\u00e9-100.png\",\"width\":100,\"height\":82,\"caption\":\"Apel Assomption Bellevue\"},\"image\":{\"@id\":\"http:\/\/wp.apelbellevue69.org\/#\/schema\/logo\/image\/\"}}]}<\/script>\n<!-- \/ Yoast SEO plugin. -->","yoast_head_json":{"title":"Pourquoi nous rejoindre ? - Apel Assomption Bellevue","robots":{"index":"index","follow":"follow","max-snippet":"max-snippet:-1","max-image-preview":"max-image-preview:large","max-video-preview":"max-video-preview:-1"},"canonical":"http:\/\/wp.apelbellevue69.org\/?page_id=355","og_locale":"fr_FR","og_type":"article","og_title":"Pourquoi nous rejoindre ? - Apel Assomption Bellevue","og_description":"Plaisir, Partage, Service : 3 raisons de PARTICIPER Chacun peut trouver du&nbsp;PLAISIR&nbsp;et de la joie \u00e0 participer aux activit\u00e9s de l\u2019APEL : se r\u00e9unir, proposer et r\u00e9aliser des projets ensemble, \u00e0 la d\u00e9couverte d\u2019autres parents, dans la bonne humeur ! Les diff\u00e9rentes activit\u00e9s APEL sont des lieux d\u2019\u00e9changes et de&nbsp;PARTAGES&nbsp;d\u2019exp\u00e9riences professionnelles, familiales, \u00e9ducatives C\u2019est un engagement au&nbsp;SERVICE&nbsp;des familles, des enfants,","og_url":"http:\/\/wp.apelbellevue69.org\/?page_id=355","og_site_name":"Apel Assomption Bellevue","article_modified_time":"2019-09-29T19:59:16+00:00","og_image":[{"url":"http:\/\/wp.apelbellevue69.org\/wp-content\/uploads\/2019\/09\/PhotoApel.jpg","type":"","width":"","height":""}],"twitter_card":"summary_large_image","twitter_misc":{"Dur\u00e9e de lecture estim\u00e9e":"1 minute"},"schema":{"@context":"https:\/\/schema.org","@graph":[{"@type":"WebPage","@id":"http:\/\/wp.apelbellevue69.org\/?page_id=355","url":"http:\/\/wp.apelbellevue69.org\/?page_id=355","name":"Pourquoi nous rejoindre ? - Apel Assomption Bellevue","isPartOf":{"@id":"http:\/\/wp.apelbellevue69.org\/#website"},"primaryImageOfPage":{"@id":"http:\/\/wp.apelbellevue69.org\/?page_id=355#primaryimage"},"image":{"@id":"http:\/\/wp.apelbellevue69.org\/?page_id=355#primaryimage"},"thumbnailUrl":"http:\/\/wp.apelbellevue69.org\/wp-content\/uploads\/2019\/09\/PhotoApel.jpg","datePublished":"2019-09-29T19:53:16+00:00","dateModified":"2019-09-29T19:59:16+00:00","breadcrumb":{"@id":"http:\/\/wp.apelbellevue69.org\/?page_id=355#breadcrumb"},"inLanguage":"fr-FR","potentialAction":[{"@type":"ReadAction","target":["http:\/\/wp.apelbellevue69.org\/?page_id=355"]}]},{"@type":"ImageObject","inLanguage":"fr-FR","@id":"http:\/\/wp.apelbellevue69.org\/?page_id=355#primaryimage","url":"https:\/\/wp.apelbellevue69.org\/wp-content\/uploads\/2019\/09\/PhotoApel.jpg","contentUrl":"https:\/\/wp.apelbellevue69.org\/wp-content\/uploads\/2019\/09\/PhotoApel.jpg","width":300,"height":225},{"@type":"BreadcrumbList","@id":"http:\/\/wp.apelbellevue69.org\/?page_id=355#breadcrumb","itemListElement":[{"@type":"ListItem","position":1,"name":"Accueil","item":"http:\/\/wp.apelbellevue69.org\/"},{"@type":"ListItem","position":2,"name":"Pourquoi nous rejoindre ?"}]},{"@type":"WebSite","@id":"http:\/\/wp.apelbellevue69.org\/#website","url":"http:\/\/wp.apelbellevue69.org\/","name":"Apel Assomption Bellevue","description":"L&#039;Apel le fait pour vous","publisher":{"@id":"http:\/\/wp.apelbellevue69.org\/#organization"},"potentialAction":[{"@type":"SearchAction","target":{"@type":"EntryPoint","urlTemplate":"http:\/\/wp.apelbellevue69.org\/?s={search_term_string}"},"query-input":{"@type":"PropertyValueSpecification","valueRequired":true,"valueName":"search_term_string"}}],"inLanguage":"fr-FR"},{"@type":"Organization","@id":"http:\/\/wp.apelbellevue69.org\/#organization","name":"Apel Assomption Bellevue","url":"http:\/\/wp.apelbellevue69.org\/","logo":{"@type":"ImageObject","inLanguage":"fr-FR","@id":"http:\/\/wp.apelbellevue69.org\/#\/schema\/logo\/image\/","url":"https:\/\/wp.apelbellevue69.org\/wp-content\/uploads\/2019\/09\/cropped-apel-new-logo-all\u00e9g\u00e9-100.png","contentUrl":"https:\/\/wp.apelbellevue69.org\/wp-content\/uploads\/2019\/09\/cropped-apel-new-logo-all\u00e9g\u00e9-100.png","width":100,"height":82,"caption":"Apel Assomption Bellevue"},"image":{"@id":"http:\/\/wp.apelbellevue69.org\/#\/schema\/logo\/image\/"}}]}},"jetpack_sharing_enabled":true,"jetpack_shortlink":"https:\/\/wp.me\/PaWVTP-5J","jetpack_likes_enabled":true,"_links":{"self":[{"href":"https:\/\/wp.apelbellevue69.org\/index.php?rest_route=\/wp\/v2\/pages\/355","targetHints":{"allow":["GET"]}}],"collection":[{"href":"https:\/\/wp.apelbellevue69.org\/index.php?rest_route=\/wp\/v2\/pages"}],"about":[{"href":"https:\/\/wp.apelbellevue69.org\/index.php?rest_route=\/wp\/v2\/types\/page"}],"author":[{"embeddable":true,"href":"https:\/\/wp.apelbellevue69.org\/index.php?rest_route=\/wp\/v2\/users\/1"}],"replies":[{"embeddable":true,"href":"https:\/\/wp.apelbellevue69.org\/index.php?rest_route=%2Fwp%2Fv2%2Fcomments&post=355"}],"version-history":[{"count":4,"href":"https:\/\/wp.apelbellevue69.org\/index.php?rest_route=\/wp\/v2\/pages\/355\/revisions"}],"predecessor-version":[{"id":364,"href":"https:\/\/wp.apelbellevue69.org\/index.php?rest_route=\/wp\/v2\/pages\/355\/revisions\/364"}],"wp:attachment":[{"href":"https:\/\/wp.apelbellevue69.org\/index.php?rest_route=%2Fwp%2Fv2%2Fmedia&parent=355"}],"curies":[{"name":"wp","href":"https:\/\/api.w.org\/{rel}","templated":true}]}}