{"id":57,"date":"2019-05-02T22:56:21","date_gmt":"2019-05-02T20:56:21","guid":{"rendered":"http:\/\/wp.apelbellevue69.org\/?page_id=57"},"modified":"2021-10-22T17:28:19","modified_gmt":"2021-10-22T15:28:19","slug":"vie-de-lassociation","status":"publish","type":"page","link":"https:\/\/wp.apelbellevue69.org\/?page_id=57","title":{"rendered":"Le Bureau et le Conseil d&rsquo;Administration"},"content":{"rendered":"\n<p><strong>Suite \u00e0 l\u2019Assembl\u00e9e G\u00e9n\u00e9rale du 28 septembre 2021  qui a \u00e9lu le conseil d\u2019administration, et suite \u00e0 la r\u00e9union de CA \u00e9lectif qui a \u00e9lu le nouveau bureau,   <\/strong><\/p>\n\n\n\n<p> \u00a0 \u00a0 Voici la liste des membres de l\u2019APEL de cette ann\u00e9e scolaire 2021-2022: \u00a0 <\/p>\n\n\n\n<figure class=\"wp-block-table is-style-stripes\"><table class=\"has-fixed-layout\"><tbody><tr><td class=\"has-text-align-left\" data-align=\"left\"><img decoding=\"async\" src=\"http:\/\/wp.apelbellevue69.org\/wp-content\/uploads\/2020\/10\/VALOUR_Gillles.jpg\" alt=\"\" style=\"width: 50px;\"> <strong>Pr\u00e9sident<\/strong><br><em>Gilles VALOUR<\/em><\/td><td class=\"has-text-align-left\" data-align=\"left\"><img decoding=\"async\" src=\"http:\/\/wp.apelbellevue69.org\/wp-content\/uploads\/2020\/10\/ASSOUANE_Fatiera.jpg\" alt=\"\" style=\"width: 50px;\"> <strong>Vice-Pr\u00e9siden<em>te<\/em><\/strong><br><em>Fatiera ASSOUANE<\/em><\/td><td class=\"has-text-align-left\" data-align=\"left\"><img decoding=\"async\" src=\"http:\/\/wp.apelbellevue69.org\/wp-content\/uploads\/2021\/10\/avatar_medium.jpg\" alt=\"\" style=\"width: 50px;\"> Vice-Pr\u00e9sident<br>Jean Michel AUGAGNEUR<\/td><\/tr><tr><td class=\"has-text-align-left\" data-align=\"left\"><\/td><td class=\"has-text-align-left\" data-align=\"left\"><\/td><td class=\"has-text-align-left\" data-align=\"left\"><\/td><\/tr><tr><td class=\"has-text-align-left\" data-align=\"left\"> <img decoding=\"async\" src=\"http:\/\/wp.apelbellevue69.org\/wp-content\/uploads\/2021\/10\/avatar_medium.jpg\" alt=\"\" style=\"width: 50px;\"> <strong>Tr\u00e9soriere<\/strong><br>Anne POUTHIER<\/td><td class=\"has-text-align-left\" data-align=\"left\"> <img decoding=\"async\" src=\"http:\/\/wp.apelbellevue69.org\/wp-content\/uploads\/2021\/10\/avatar_medium.jpg\" alt=\"\" style=\"width: 50px;\"> <strong>Tr\u00e9sori\u00e8re Adj.<\/strong><br>Sophie FABREJON <\/td><td class=\"has-text-align-left\" data-align=\"left\"> <img decoding=\"async\" src=\"http:\/\/wp.apelbellevue69.org\/wp-content\/uploads\/2020\/10\/Cassilda-Fernandes.jpg\" alt=\"\" style=\"width: 50px;\"> <strong>Tr\u00e9sori\u00e8re Adj.<\/strong><br><em>Cassilda FERNANDES<\/em><\/td><\/tr><tr><td class=\"has-text-align-left\" data-align=\"left\"><\/td><td class=\"has-text-align-left\" data-align=\"left\"><\/td><td class=\"has-text-align-left\" data-align=\"left\"><\/td><\/tr><tr><td class=\"has-text-align-left\" data-align=\"left\"><img loading=\"lazy\" decoding=\"async\" width=\"50\" height=\"52\" class=\"wp-image-1457\" style=\"width: 50px;\" src=\"http:\/\/wp.apelbellevue69.org\/wp-content\/uploads\/2021\/10\/cute-girl-hair-fb-dp1_medium.jpg\" alt=\"\"><strong>Secr\u00e9taire<\/strong><br>Agn\u00e8s PEREZ SOULA<\/td><td class=\"has-text-align-left\" data-align=\"left\"> <img decoding=\"async\" src=\"http:\/\/wp.apelbellevue69.org\/wp-content\/uploads\/2020\/10\/M%C3%A9ziat_Annick1.jpg\" alt=\"\" style=\"width: 50px;\"> <strong>Secr\u00e9taire  <strong>Adj.<\/strong> <\/strong><br>Annick M\u0116ZIAT<\/td><td class=\"has-text-align-left\" data-align=\"left\"> <img loading=\"lazy\" decoding=\"async\" width=\"50\" height=\"52\" class=\"wp-image-1457\" style=\"width: 50px;\" src=\"http:\/\/wp.apelbellevue69.org\/wp-content\/uploads\/2021\/10\/cute-girl-hair-fb-dp1_medium.jpg\" alt=\"\">  <strong>Secr\u00e9taire  <strong>Adj.<\/strong><\/strong> <br>Sonia GENTILE<\/td><\/tr><\/tbody><\/table><\/figure>\n\n\n\n<p><\/p>\n\n\n\n<p><\/p>\n\n\n\n<ul class=\"wp-block-list\"><li>ARVIS Amandine<\/li><li>AUBRIET Sabrina<\/li><li>AYDIN M\u00e9lanie<\/li><li>CHABANEIX Caroline<\/li><li>CHAUVIN-BRANCH Emilie<\/li><li>COHEN Car\u00e8ne<\/li><li>DAVELUY Ga\u00eblle<\/li><li>EL KHOURY Jenny<\/li><li>ERACLAS Virginie<\/li><li>FIX Julie<\/li><li>GABSI Aoutaf<\/li><li>GACHON Isabelle<\/li><li>GAUDIN Aur\u00e9lie<\/li><li>HIMEUR Samira<\/li><li>LATHAM Marine<\/li><li>LOUIS Laurianne<\/li><li>POUTHIER Anne<\/li><li>RODRIGUES Raquel<\/li><li>RONDEL Christine<\/li><li>ROSSET Jacques<\/li><li>SEMBEIL Rachel<\/li><li>SMAIL Saliha<\/li><\/ul>\n\n\n\n<p><strong>L&rsquo;APEL,<br>des parents impliqu\u00e9s, des animations r\u00e9ussies, des enfants heureux !<\/strong><\/p>\n","protected":false},"excerpt":{"rendered":"<p>Suite \u00e0 l\u2019Assembl\u00e9e G\u00e9n\u00e9rale du 28 septembre 2021 qui a \u00e9lu le conseil d\u2019administration, et suite \u00e0 la r\u00e9union de CA \u00e9lectif qui a \u00e9lu le nouveau bureau, \u00a0 \u00a0 Voici la liste des membres de l\u2019APEL de cette ann\u00e9e scolaire 2021-2022: \u00a0 Pr\u00e9sidentGilles VALOUR Vice-Pr\u00e9sidenteFatiera ASSOUANE Vice-Pr\u00e9sidentJean Michel AUGAGNEUR Tr\u00e9soriereAnne POUTHIER Tr\u00e9sori\u00e8re Adj.Sophie FABREJON Tr\u00e9sori\u00e8re Adj.Cassilda FERNANDES Secr\u00e9taireAgn\u00e8s PEREZ<\/p>\n","protected":false},"author":5,"featured_media":0,"parent":0,"menu_order":0,"comment_status":"closed","ping_status":"closed","template":"","meta":{"footnotes":""},"class_list":["post-57","page","type-page","status-publish","hentry"],"yoast_head":"<!-- This site is optimized with the Yoast SEO plugin v24.9 - https:\/\/yoast.com\/wordpress\/plugins\/seo\/ -->\n<title>Le Bureau et le Conseil d&#039;Administration - Apel Assomption Bellevue<\/title>\n<meta name=\"robots\" content=\"index, follow, max-snippet:-1, max-image-preview:large, max-video-preview:-1\" \/>\n<link rel=\"canonical\" href=\"https:\/\/wp.apelbellevue69.org\/?page_id=57\" \/>\n<meta property=\"og:locale\" content=\"fr_FR\" \/>\n<meta property=\"og:type\" content=\"article\" \/>\n<meta property=\"og:title\" content=\"Le Bureau et le Conseil d&#039;Administration - Apel Assomption Bellevue\" \/>\n<meta property=\"og:description\" content=\"Suite \u00e0 l\u2019Assembl\u00e9e G\u00e9n\u00e9rale du 28 septembre 2021 qui a \u00e9lu le conseil d\u2019administration, et suite \u00e0 la r\u00e9union de CA \u00e9lectif qui a \u00e9lu le nouveau bureau, \u00a0 \u00a0 Voici la liste des membres de l\u2019APEL de cette ann\u00e9e scolaire 2021-2022: \u00a0 Pr\u00e9sidentGilles VALOUR Vice-Pr\u00e9sidenteFatiera ASSOUANE Vice-Pr\u00e9sidentJean Michel AUGAGNEUR Tr\u00e9soriereAnne POUTHIER Tr\u00e9sori\u00e8re Adj.Sophie FABREJON Tr\u00e9sori\u00e8re Adj.Cassilda FERNANDES Secr\u00e9taireAgn\u00e8s PEREZ\" \/>\n<meta property=\"og:url\" content=\"https:\/\/wp.apelbellevue69.org\/?page_id=57\" \/>\n<meta property=\"og:site_name\" content=\"Apel Assomption Bellevue\" \/>\n<meta property=\"article:modified_time\" content=\"2021-10-22T15:28:19+00:00\" \/>\n<meta property=\"og:image\" content=\"http:\/\/wp.apelbellevue69.org\/wp-content\/uploads\/2020\/10\/VALOUR_Gillles.jpg\" \/>\n<meta name=\"twitter:card\" content=\"summary_large_image\" \/>\n<meta name=\"twitter:label1\" content=\"Dur\u00e9e de lecture estim\u00e9e\" \/>\n\t<meta name=\"twitter:data1\" content=\"3 minutes\" \/>\n<script type=\"application\/ld+json\" class=\"yoast-schema-graph\">{\"@context\":\"https:\/\/schema.org\",\"@graph\":[{\"@type\":\"WebPage\",\"@id\":\"https:\/\/wp.apelbellevue69.org\/?page_id=57\",\"url\":\"https:\/\/wp.apelbellevue69.org\/?page_id=57\",\"name\":\"Le Bureau et le Conseil d'Administration - Apel Assomption Bellevue\",\"isPartOf\":{\"@id\":\"http:\/\/wp.apelbellevue69.org\/#website\"},\"primaryImageOfPage\":{\"@id\":\"https:\/\/wp.apelbellevue69.org\/?page_id=57#primaryimage\"},\"image\":{\"@id\":\"https:\/\/wp.apelbellevue69.org\/?page_id=57#primaryimage\"},\"thumbnailUrl\":\"http:\/\/wp.apelbellevue69.org\/wp-content\/uploads\/2020\/10\/VALOUR_Gillles.jpg\",\"datePublished\":\"2019-05-02T20:56:21+00:00\",\"dateModified\":\"2021-10-22T15:28:19+00:00\",\"breadcrumb\":{\"@id\":\"https:\/\/wp.apelbellevue69.org\/?page_id=57#breadcrumb\"},\"inLanguage\":\"fr-FR\",\"potentialAction\":[{\"@type\":\"ReadAction\",\"target\":[\"https:\/\/wp.apelbellevue69.org\/?page_id=57\"]}]},{\"@type\":\"ImageObject\",\"inLanguage\":\"fr-FR\",\"@id\":\"https:\/\/wp.apelbellevue69.org\/?page_id=57#primaryimage\",\"url\":\"https:\/\/wp.apelbellevue69.org\/wp-content\/uploads\/2020\/10\/VALOUR_Gillles.jpg\",\"contentUrl\":\"https:\/\/wp.apelbellevue69.org\/wp-content\/uploads\/2020\/10\/VALOUR_Gillles.jpg\",\"width\":200,\"height\":215},{\"@type\":\"BreadcrumbList\",\"@id\":\"https:\/\/wp.apelbellevue69.org\/?page_id=57#breadcrumb\",\"itemListElement\":[{\"@type\":\"ListItem\",\"position\":1,\"name\":\"Accueil\",\"item\":\"http:\/\/wp.apelbellevue69.org\/\"},{\"@type\":\"ListItem\",\"position\":2,\"name\":\"Le Bureau et le Conseil d&rsquo;Administration\"}]},{\"@type\":\"WebSite\",\"@id\":\"http:\/\/wp.apelbellevue69.org\/#website\",\"url\":\"http:\/\/wp.apelbellevue69.org\/\",\"name\":\"Apel Assomption Bellevue\",\"description\":\"L&#039;Apel le fait pour vous\",\"publisher\":{\"@id\":\"http:\/\/wp.apelbellevue69.org\/#organization\"},\"potentialAction\":[{\"@type\":\"SearchAction\",\"target\":{\"@type\":\"EntryPoint\",\"urlTemplate\":\"http:\/\/wp.apelbellevue69.org\/?s={search_term_string}\"},\"query-input\":{\"@type\":\"PropertyValueSpecification\",\"valueRequired\":true,\"valueName\":\"search_term_string\"}}],\"inLanguage\":\"fr-FR\"},{\"@type\":\"Organization\",\"@id\":\"http:\/\/wp.apelbellevue69.org\/#organization\",\"name\":\"Apel Assomption Bellevue\",\"url\":\"http:\/\/wp.apelbellevue69.org\/\",\"logo\":{\"@type\":\"ImageObject\",\"inLanguage\":\"fr-FR\",\"@id\":\"http:\/\/wp.apelbellevue69.org\/#\/schema\/logo\/image\/\",\"url\":\"https:\/\/wp.apelbellevue69.org\/wp-content\/uploads\/2019\/09\/cropped-apel-new-logo-all\u00e9g\u00e9-100.png\",\"contentUrl\":\"https:\/\/wp.apelbellevue69.org\/wp-content\/uploads\/2019\/09\/cropped-apel-new-logo-all\u00e9g\u00e9-100.png\",\"width\":100,\"height\":82,\"caption\":\"Apel Assomption Bellevue\"},\"image\":{\"@id\":\"http:\/\/wp.apelbellevue69.org\/#\/schema\/logo\/image\/\"}}]}<\/script>\n<!-- \/ Yoast SEO plugin. -->","yoast_head_json":{"title":"Le Bureau et le Conseil d'Administration - Apel Assomption Bellevue","robots":{"index":"index","follow":"follow","max-snippet":"max-snippet:-1","max-image-preview":"max-image-preview:large","max-video-preview":"max-video-preview:-1"},"canonical":"https:\/\/wp.apelbellevue69.org\/?page_id=57","og_locale":"fr_FR","og_type":"article","og_title":"Le Bureau et le Conseil d'Administration - Apel Assomption Bellevue","og_description":"Suite \u00e0 l\u2019Assembl\u00e9e G\u00e9n\u00e9rale du 28 septembre 2021 qui a \u00e9lu le conseil d\u2019administration, et suite \u00e0 la r\u00e9union de CA \u00e9lectif qui a \u00e9lu le nouveau bureau, \u00a0 \u00a0 Voici la liste des membres de l\u2019APEL de cette ann\u00e9e scolaire 2021-2022: \u00a0 Pr\u00e9sidentGilles VALOUR Vice-Pr\u00e9sidenteFatiera ASSOUANE Vice-Pr\u00e9sidentJean Michel AUGAGNEUR Tr\u00e9soriereAnne POUTHIER Tr\u00e9sori\u00e8re Adj.Sophie FABREJON Tr\u00e9sori\u00e8re Adj.Cassilda FERNANDES Secr\u00e9taireAgn\u00e8s PEREZ","og_url":"https:\/\/wp.apelbellevue69.org\/?page_id=57","og_site_name":"Apel Assomption Bellevue","article_modified_time":"2021-10-22T15:28:19+00:00","og_image":[{"url":"http:\/\/wp.apelbellevue69.org\/wp-content\/uploads\/2020\/10\/VALOUR_Gillles.jpg","type":"","width":"","height":""}],"twitter_card":"summary_large_image","twitter_misc":{"Dur\u00e9e de lecture estim\u00e9e":"3 minutes"},"schema":{"@context":"https:\/\/schema.org","@graph":[{"@type":"WebPage","@id":"https:\/\/wp.apelbellevue69.org\/?page_id=57","url":"https:\/\/wp.apelbellevue69.org\/?page_id=57","name":"Le Bureau et le Conseil d'Administration - Apel Assomption Bellevue","isPartOf":{"@id":"http:\/\/wp.apelbellevue69.org\/#website"},"primaryImageOfPage":{"@id":"https:\/\/wp.apelbellevue69.org\/?page_id=57#primaryimage"},"image":{"@id":"https:\/\/wp.apelbellevue69.org\/?page_id=57#primaryimage"},"thumbnailUrl":"http:\/\/wp.apelbellevue69.org\/wp-content\/uploads\/2020\/10\/VALOUR_Gillles.jpg","datePublished":"2019-05-02T20:56:21+00:00","dateModified":"2021-10-22T15:28:19+00:00","breadcrumb":{"@id":"https:\/\/wp.apelbellevue69.org\/?page_id=57#breadcrumb"},"inLanguage":"fr-FR","potentialAction":[{"@type":"ReadAction","target":["https:\/\/wp.apelbellevue69.org\/?page_id=57"]}]},{"@type":"ImageObject","inLanguage":"fr-FR","@id":"https:\/\/wp.apelbellevue69.org\/?page_id=57#primaryimage","url":"https:\/\/wp.apelbellevue69.org\/wp-content\/uploads\/2020\/10\/VALOUR_Gillles.jpg","contentUrl":"https:\/\/wp.apelbellevue69.org\/wp-content\/uploads\/2020\/10\/VALOUR_Gillles.jpg","width":200,"height":215},{"@type":"BreadcrumbList","@id":"https:\/\/wp.apelbellevue69.org\/?page_id=57#breadcrumb","itemListElement":[{"@type":"ListItem","position":1,"name":"Accueil","item":"http:\/\/wp.apelbellevue69.org\/"},{"@type":"ListItem","position":2,"name":"Le Bureau et le Conseil d&rsquo;Administration"}]},{"@type":"WebSite","@id":"http:\/\/wp.apelbellevue69.org\/#website","url":"http:\/\/wp.apelbellevue69.org\/","name":"Apel Assomption Bellevue","description":"L&#039;Apel le fait pour vous","publisher":{"@id":"http:\/\/wp.apelbellevue69.org\/#organization"},"potentialAction":[{"@type":"SearchAction","target":{"@type":"EntryPoint","urlTemplate":"http:\/\/wp.apelbellevue69.org\/?s={search_term_string}"},"query-input":{"@type":"PropertyValueSpecification","valueRequired":true,"valueName":"search_term_string"}}],"inLanguage":"fr-FR"},{"@type":"Organization","@id":"http:\/\/wp.apelbellevue69.org\/#organization","name":"Apel Assomption Bellevue","url":"http:\/\/wp.apelbellevue69.org\/","logo":{"@type":"ImageObject","inLanguage":"fr-FR","@id":"http:\/\/wp.apelbellevue69.org\/#\/schema\/logo\/image\/","url":"https:\/\/wp.apelbellevue69.org\/wp-content\/uploads\/2019\/09\/cropped-apel-new-logo-all\u00e9g\u00e9-100.png","contentUrl":"https:\/\/wp.apelbellevue69.org\/wp-content\/uploads\/2019\/09\/cropped-apel-new-logo-all\u00e9g\u00e9-100.png","width":100,"height":82,"caption":"Apel Assomption Bellevue"},"image":{"@id":"http:\/\/wp.apelbellevue69.org\/#\/schema\/logo\/image\/"}}]}},"jetpack_sharing_enabled":true,"jetpack_shortlink":"https:\/\/wp.me\/PaWVTP-V","jetpack_likes_enabled":true,"_links":{"self":[{"href":"https:\/\/wp.apelbellevue69.org\/index.php?rest_route=\/wp\/v2\/pages\/57","targetHints":{"allow":["GET"]}}],"collection":[{"href":"https:\/\/wp.apelbellevue69.org\/index.php?rest_route=\/wp\/v2\/pages"}],"about":[{"href":"https:\/\/wp.apelbellevue69.org\/index.php?rest_route=\/wp\/v2\/types\/page"}],"author":[{"embeddable":true,"href":"https:\/\/wp.apelbellevue69.org\/index.php?rest_route=\/wp\/v2\/users\/5"}],"replies":[{"embeddable":true,"href":"https:\/\/wp.apelbellevue69.org\/index.php?rest_route=%2Fwp%2Fv2%2Fcomments&post=57"}],"version-history":[{"count":37,"href":"https:\/\/wp.apelbellevue69.org\/index.php?rest_route=\/wp\/v2\/pages\/57\/revisions"}],"predecessor-version":[{"id":1458,"href":"https:\/\/wp.apelbellevue69.org\/index.php?rest_route=\/wp\/v2\/pages\/57\/revisions\/1458"}],"wp:attachment":[{"href":"https:\/\/wp.apelbellevue69.org\/index.php?rest_route=%2Fwp%2Fv2%2Fmedia&parent=57"}],"curies":[{"name":"wp","href":"https:\/\/api.w.org\/{rel}","templated":true}]}}